{"id":873,"date":"2022-01-05T17:11:49","date_gmt":"2022-01-05T16:11:49","guid":{"rendered":"http:\/\/grantino.pl\/?page_id=873"},"modified":"2022-01-12T18:15:50","modified_gmt":"2022-01-12T17:15:50","slug":"uslugi","status":"publish","type":"page","link":"https:\/\/grantino.pl\/en\/uslugi\/","title":{"rendered":"Services"},"content":{"rendered":"<div data-elementor-type=\"wp-page\" data-elementor-id=\"873\" class=\"elementor elementor-873\">\n\t\t\t\t\t\t<section class=\"elementor-section elementor-top-section elementor-element elementor-element-7da06618 elementor-section-full_width elementor-section-height-min-height elementor-section-content-top elementor-section-height-default elementor-section-items-middle\" data-id=\"7da06618\" data-element_type=\"section\" data-e-type=\"section\" data-settings=\"{&quot;background_background&quot;:&quot;classic&quot;,&quot;shape_divider_top&quot;:&quot;opacity-tilt&quot;}\">\n\t\t\t\t\t<div class=\"elementor-shape elementor-shape-top\" aria-hidden=\"true\" data-negative=\"false\">\n\t\t\t<svg xmlns=\"http:\/\/www.w3.org\/2000\/svg\" viewbox=\"0 0 2600 131.1\" preserveaspectratio=\"none\">\n\t<path class=\"elementor-shape-fill\" d=\"M0 0L2600 0 2600 69.1 0 0z\"\/>\n\t<path class=\"elementor-shape-fill\" style=\"opacity:0.5\" d=\"M0 0L2600 0 2600 69.1 0 69.1z\"\/>\n\t<path class=\"elementor-shape-fill\" style=\"opacity:0.25\" d=\"M2600 0L0 0 0 130.1 2600 69.1z\"\/>\n<\/svg>\t\t<\/div>\n\t\t\t\t\t<div class=\"elementor-container elementor-column-gap-default\">\n\t\t\t\t\t<div class=\"elementor-column elementor-col-100 elementor-top-column elementor-element elementor-element-1939ac10\" data-id=\"1939ac10\" data-element_type=\"column\" data-e-type=\"column\">\n\t\t\t<div class=\"elementor-widget-wrap\">\n\t\t\t\t\t\t\t<\/div>\n\t\t<\/div>\n\t\t\t\t\t<\/div>\n\t\t<\/section>\n\t\t\t\t<section class=\"elementor-section elementor-top-section elementor-element elementor-element-cdd8545 elementor-section-height-min-height elementor-section-boxed elementor-section-height-default elementor-section-items-middle\" data-id=\"cdd8545\" data-element_type=\"section\" data-e-type=\"section\" data-settings=\"{&quot;background_background&quot;:&quot;classic&quot;,&quot;shape_divider_top&quot;:&quot;opacity-tilt&quot;}\">\n\t\t\t\t\t<div class=\"elementor-shape elementor-shape-top\" aria-hidden=\"true\" data-negative=\"false\">\n\t\t\t<svg xmlns=\"http:\/\/www.w3.org\/2000\/svg\" viewbox=\"0 0 2600 131.1\" preserveaspectratio=\"none\">\n\t<path class=\"elementor-shape-fill\" d=\"M0 0L2600 0 2600 69.1 0 0z\"\/>\n\t<path class=\"elementor-shape-fill\" style=\"opacity:0.5\" d=\"M0 0L2600 0 2600 69.1 0 69.1z\"\/>\n\t<path class=\"elementor-shape-fill\" style=\"opacity:0.25\" d=\"M2600 0L0 0 0 130.1 2600 69.1z\"\/>\n<\/svg>\t\t<\/div>\n\t\t\t\t\t<div class=\"elementor-container elementor-column-gap-default\">\n\t\t\t\t\t<div class=\"elementor-column elementor-col-100 elementor-top-column elementor-element elementor-element-8a60529\" data-id=\"8a60529\" data-element_type=\"column\" data-e-type=\"column\">\n\t\t\t<div class=\"elementor-widget-wrap elementor-element-populated\">\n\t\t\t\t\t\t<div class=\"elementor-element elementor-element-e7833be elementor-widget elementor-widget-heading\" data-id=\"e7833be\" data-element_type=\"widget\" data-e-type=\"widget\" data-widget_type=\"heading.default\">\n\t\t\t\t<div class=\"elementor-widget-container\">\n\t\t\t\t\t<h2 class=\"elementor-heading-title elementor-size-default\">SEE THE WIDE RANGE OF OUR SERVICES<\/h2>\t\t\t\t<\/div>\n\t\t\t\t<\/div>\n\t\t\t\t\t<\/div>\n\t\t<\/div>\n\t\t\t\t\t<\/div>\n\t\t<\/section>\n\t\t\t\t<section class=\"elementor-section elementor-top-section elementor-element elementor-element-1d941082 elementor-section-boxed elementor-section-height-default elementor-section-height-default\" data-id=\"1d941082\" data-element_type=\"section\" data-e-type=\"section\" data-settings=\"{&quot;background_background&quot;:&quot;classic&quot;}\">\n\t\t\t\t\t\t<div class=\"elementor-container elementor-column-gap-default\">\n\t\t\t\t\t<div class=\"elementor-column elementor-col-100 elementor-top-column elementor-element elementor-element-5c6ea976\" data-id=\"5c6ea976\" data-element_type=\"column\" data-e-type=\"column\">\n\t\t\t<div class=\"elementor-widget-wrap elementor-element-populated\">\n\t\t\t\t\t\t<div class=\"elementor-element elementor-element-652713e elementor-widget elementor-widget-spacer\" data-id=\"652713e\" data-element_type=\"widget\" data-e-type=\"widget\" data-widget_type=\"spacer.default\">\n\t\t\t\t<div class=\"elementor-widget-container\">\n\t\t\t\t\t\t\t<div class=\"elementor-spacer\">\n\t\t\t<div class=\"elementor-spacer-inner\"><\/div>\n\t\t<\/div>\n\t\t\t\t\t\t<\/div>\n\t\t\t\t<\/div>\n\t\t\t\t<section class=\"elementor-section elementor-inner-section elementor-element elementor-element-c779dfd elementor-section-boxed elementor-section-height-default elementor-section-height-default\" data-id=\"c779dfd\" data-element_type=\"section\" data-e-type=\"section\">\n\t\t\t\t\t\t<div class=\"elementor-container elementor-column-gap-default\">\n\t\t\t\t\t<div class=\"elementor-column elementor-col-33 elementor-inner-column elementor-element elementor-element-1dbea38\" data-id=\"1dbea38\" data-element_type=\"column\" data-e-type=\"column\">\n\t\t\t<div class=\"elementor-widget-wrap elementor-element-populated\">\n\t\t\t\t\t\t<div class=\"elementor-element elementor-element-528c8ac elementor-widget elementor-widget-ucaddon_flip_box\" data-id=\"528c8ac\" data-element_type=\"widget\" data-e-type=\"widget\" data-widget_type=\"ucaddon_flip_box.default\">\n\t\t\t\t<div class=\"elementor-widget-container\">\n\t\t\t\t\t\n<!-- start Flip Box -->\n\t\t<link id='font-awesome-css' href='https:\/\/grantino.pl\/wp-content\/plugins\/unlimited-elements-for-elementor\/assets_libraries\/font-awesome6\/fontawesome-all.min.css' type='text\/css' rel='stylesheet' >\n\t\t<link id='font-awesome-4-shim-css' href='https:\/\/grantino.pl\/wp-content\/plugins\/unlimited-elements-for-elementor\/assets_libraries\/font-awesome6\/fontawesome-v4-shims.min.css' type='text\/css' rel='stylesheet' >\n\t\t<link id='uc_ac_assets_file_ue_flipbox_styles_css_12600-css' href='https:\/\/grantino.pl\/wp-content\/uploads\/ac_assets\/uc_flip_box_base\/animations\/ue-flipbox-styles.css' type='text\/css' rel='stylesheet' >\n\n<style>\/* widget: Flip Box *\/\n\n#uc_flip_box_elementor_528c8ac .ue-flip-box__panel.ue-flip-box__panel--front,\n#uc_flip_box_elementor_528c8ac .ue-flip-box__panel.ue-flip-box__panel--back {\n    backface-visibility: hidden;\n    -webkit-backface-visibility: hidden; \n}\n\n\n#uc_flip_box_elementor_528c8ac .ue-flip-box__panel--back .ue_btn{\n\tdisplay: inline-block;\n}\n \n\n\t        #uc_flip_box_elementor_528c8ac .ue-flip-box__panel__wrapper { \n            transform: translateZ(90px) scale(0.91);\n            transform-style: preserve-3d;\n        }\t\n    \n\n\n\n\n\n#uc_flip_box_elementor_528c8ac .ue-flip-box__panel--front-overlay\n{\n  position:absolute;\n  top:0;\n  bottom:0;\n  right:0;\n  left:0;\n  z-index:-1;\n}\n\n<\/style>\n\n<div id=\"uc_flip_box_elementor_528c8ac\" class=\"ue-flip-box\">\n  \n      <div class=\"ue-flip-box__container uc-hide flip-alt_left ue-flip-box__container--hover\">\n      \n    <div class=\"ue-flip-box__panel ue-flip-box__panel--front\">\n      <div class=\"ue-flip-box__panel--front-overlay\"><\/div>\n            <div class=\"ue-flip-box__panel__wrapper\">\n        <div class=\"ue-flip-box__panel__content\">\n            <div class=\"ue-flip-box__panel__element ue-flip-box__icon\"><i class='fas fa-coins'><\/i><\/div>            <div class=\"ue-flip-box__panel__element ue-flip-box__title\">OBTAINING SUBSIDIES<\/div>                    <\/div>\n      <\/div>\n    <\/div>\n    \n    <div class=\"ue-flip-box__panel ue-flip-box__panel--back\">\n            <div class=\"ue-flip-box__panel__wrapper\">\n        <div class=\"ue-flip-box__panel__content\">\n\n          <div class=\"ue-flip-box__panel__element ue-flip-box__icon\"><i class='fas fa-coins'><\/i><\/div>                    <div class=\"ue-flip-box__panel__element ue-flip-box__description\"><p>The service includes the development of an application for project co-financing, preparation of the necessary documentation, including business plans, feasibility studies, etc., to make orders public.<\/p><\/div>          <div class=\"ue-flip-box__panel__element ue-flip-box__button\"><a href=\"#\" class=\"ue_btn\" >Read more<\/a><\/div>        <\/div>\n      <\/div>\n    <\/div>\n    \n  <\/div>\n  \n        \n<\/div>\n<!-- end Flip Box -->\t\t\t\t<\/div>\n\t\t\t\t<\/div>\n\t\t\t\t\t<\/div>\n\t\t<\/div>\n\t\t\t\t<div class=\"elementor-column elementor-col-33 elementor-inner-column elementor-element elementor-element-09a7b67\" data-id=\"09a7b67\" data-element_type=\"column\" data-e-type=\"column\">\n\t\t\t<div class=\"elementor-widget-wrap elementor-element-populated\">\n\t\t\t\t\t\t<div class=\"elementor-element elementor-element-a921032 elementor-widget elementor-widget-ucaddon_flip_box\" data-id=\"a921032\" data-element_type=\"widget\" data-e-type=\"widget\" data-widget_type=\"ucaddon_flip_box.default\">\n\t\t\t\t<div class=\"elementor-widget-container\">\n\t\t\t\t\t\n<!-- start Flip Box -->\n\n<style>\/* widget: Flip Box *\/\n\n#uc_flip_box_elementor_a921032 .ue-flip-box__panel.ue-flip-box__panel--front,\n#uc_flip_box_elementor_a921032 .ue-flip-box__panel.ue-flip-box__panel--back {\n    backface-visibility: hidden;\n    -webkit-backface-visibility: hidden; \n}\n\n\n#uc_flip_box_elementor_a921032 .ue-flip-box__panel--back .ue_btn{\n\tdisplay: inline-block;\n}\n \n\n\t        #uc_flip_box_elementor_a921032 .ue-flip-box__panel__wrapper { \n            transform: translateZ(90px) scale(0.91);\n            transform-style: preserve-3d;\n        }\t\n    \n\n\n\n\n\n#uc_flip_box_elementor_a921032 .ue-flip-box__panel--front-overlay\n{\n  position:absolute;\n  top:0;\n  bottom:0;\n  right:0;\n  left:0;\n  z-index:-1;\n}\n\n<\/style>\n\n<div id=\"uc_flip_box_elementor_a921032\" class=\"ue-flip-box\">\n  \n      <div class=\"ue-flip-box__container uc-hide flip-alt_left ue-flip-box__container--hover\">\n      \n    <div class=\"ue-flip-box__panel ue-flip-box__panel--front\">\n      <div class=\"ue-flip-box__panel--front-overlay\"><\/div>\n            <div class=\"ue-flip-box__panel__wrapper\">\n        <div class=\"ue-flip-box__panel__content\">\n            <div class=\"ue-flip-box__panel__element ue-flip-box__icon\"><i class='fas fa-project-diagram'><\/i><\/div>            <div class=\"ue-flip-box__panel__element ue-flip-box__title\">GRANT ACCOUNTING AND PROJECT MANAGEMENT<\/div>                    <\/div>\n      <\/div>\n    <\/div>\n    \n    <div class=\"ue-flip-box__panel ue-flip-box__panel--back\">\n            <div class=\"ue-flip-box__panel__wrapper\">\n        <div class=\"ue-flip-box__panel__content\">\n\n          <div class=\"ue-flip-box__panel__element ue-flip-box__icon\"><i class='fas fa-project-diagram'><\/i><\/div>                    <div class=\"ue-flip-box__panel__element ue-flip-box__description\"><p>The scope of the service tailored to the needs of clients may include handling all formal and organizational matters in the project, financial settlements or legal advice.<\/p><\/div>          <div class=\"ue-flip-box__panel__element ue-flip-box__button\"><a href=\"#\" class=\"ue_btn\" >Read more<\/a><\/div>        <\/div>\n      <\/div>\n    <\/div>\n    \n  <\/div>\n  \n        \n<\/div>\n<!-- end Flip Box -->\t\t\t\t<\/div>\n\t\t\t\t<\/div>\n\t\t\t\t\t<\/div>\n\t\t<\/div>\n\t\t\t\t<div class=\"elementor-column elementor-col-33 elementor-inner-column elementor-element elementor-element-91c53e4\" data-id=\"91c53e4\" data-element_type=\"column\" data-e-type=\"column\">\n\t\t\t<div class=\"elementor-widget-wrap elementor-element-populated\">\n\t\t\t\t\t\t<div class=\"elementor-element elementor-element-079d40c elementor-widget elementor-widget-ucaddon_flip_box\" data-id=\"079d40c\" data-element_type=\"widget\" data-e-type=\"widget\" data-widget_type=\"ucaddon_flip_box.default\">\n\t\t\t\t<div class=\"elementor-widget-container\">\n\t\t\t\t\t\n<!-- start Flip Box -->\n\n<style>\/* widget: Flip Box *\/\n\n#uc_flip_box_elementor_079d40c .ue-flip-box__panel.ue-flip-box__panel--front,\n#uc_flip_box_elementor_079d40c .ue-flip-box__panel.ue-flip-box__panel--back {\n    backface-visibility: hidden;\n    -webkit-backface-visibility: hidden; \n}\n\n\n#uc_flip_box_elementor_079d40c .ue-flip-box__panel--back .ue_btn{\n\tdisplay: inline-block;\n}\n \n\n\t        #uc_flip_box_elementor_079d40c .ue-flip-box__panel__wrapper { \n            transform: translateZ(90px) scale(0.91);\n            transform-style: preserve-3d;\n        }\t\n    \n\n\n\n\n\n#uc_flip_box_elementor_079d40c .ue-flip-box__panel--front-overlay\n{\n  position:absolute;\n  top:0;\n  bottom:0;\n  right:0;\n  left:0;\n  z-index:-1;\n}\n\n<\/style>\n\n<div id=\"uc_flip_box_elementor_079d40c\" class=\"ue-flip-box\">\n  \n      <div class=\"ue-flip-box__container uc-hide flip-alt_left ue-flip-box__container--hover\">\n      \n    <div class=\"ue-flip-box__panel ue-flip-box__panel--front\">\n      <div class=\"ue-flip-box__panel--front-overlay\"><\/div>\n            <div class=\"ue-flip-box__panel__wrapper\">\n        <div class=\"ue-flip-box__panel__content\">\n            <div class=\"ue-flip-box__panel__element ue-flip-box__icon\"><i class='fas fa-fingerprint'><\/i><\/div>            <div class=\"ue-flip-box__panel__element ue-flip-box__title\">INTELLECTUAL PROPERTY PROTECTION<\/div>                    <\/div>\n      <\/div>\n    <\/div>\n    \n    <div class=\"ue-flip-box__panel ue-flip-box__panel--back\">\n            <div class=\"ue-flip-box__panel__wrapper\">\n        <div class=\"ue-flip-box__panel__content\">\n\n          <div class=\"ue-flip-box__panel__element ue-flip-box__icon\"><i class='fas fa-fingerprint'><\/i><\/div>                    <div class=\"ue-flip-box__panel__element ue-flip-box__description\"><p>We protect all types of intellectual property. We help to take legal steps to protect owned intellectual property rights. We also conduct research on the state of the art and the state of the art.<\/p><\/div>          <div class=\"ue-flip-box__panel__element ue-flip-box__button\"><a href=\"?page_id=305\" class=\"ue_btn\" >Read more<\/a><\/div>        <\/div>\n      <\/div>\n    <\/div>\n    \n  <\/div>\n  \n        \n<\/div>\n<!-- end Flip Box -->\t\t\t\t<\/div>\n\t\t\t\t<\/div>\n\t\t\t\t\t<\/div>\n\t\t<\/div>\n\t\t\t\t\t<\/div>\n\t\t<\/section>\n\t\t\t\t<div class=\"elementor-element elementor-element-1b30ece premium-mouse-detect-yes elementor-widget elementor-widget-premium-addon-image-button\" data-id=\"1b30ece\" data-element_type=\"widget\" data-e-type=\"widget\" data-widget_type=\"premium-addon-image-button.default\">\n\t\t\t\t<div class=\"elementor-widget-container\">\n\t\t\t\t\t\n\t\t<a class=\"premium-image-button-style6 premium-image-button premium-btn-block premium-button-style6\" href=\"https:\/\/grantino.pl\/en\/umow-spotkanie\/\">\n\t\t\t<div class=\"premium-image-button-text-icon-wrapper\">\n\t\t\t\t\t\t\t\t\t\t\t\t\t\t\t\t\t\t\t\t\t\t<i class=\"premium-svg-nodraw premium-drawable-icon far fa-calendar-alt\" aria-hidden=\"true\"><\/i>\t\t\t\t\t\t\t\t\t\t\t\t\t\t\t\n\t\t\t\t\t\t\t\t\t<span >\n\t\t\t\t\t\tMAKE AN APPOINTMENT\t\t\t\t\t<\/span>\n\t\t\t\t\n\t\t\t\t\t\t\t\t\t\t\t\t\t\t\t\t<\/div>\n\n\t\t\t\n\t\t\t\t\t\t\t<span class=\"premium-button-style6-bg\"><\/span>\n\t\t\t\n\t\t\t\n\t\t<\/a>\n\n\t\t\t\t\t\t<\/div>\n\t\t\t\t<\/div>\n\t\t\t\t<section class=\"elementor-section elementor-inner-section elementor-element elementor-element-7d7d474 elementor-section-boxed elementor-section-height-default elementor-section-height-default\" data-id=\"7d7d474\" data-element_type=\"section\" data-e-type=\"section\">\n\t\t\t\t\t\t<div class=\"elementor-container elementor-column-gap-default\">\n\t\t\t\t\t<div class=\"elementor-column elementor-col-33 elementor-inner-column elementor-element elementor-element-7817169\" data-id=\"7817169\" data-element_type=\"column\" data-e-type=\"column\">\n\t\t\t<div class=\"elementor-widget-wrap elementor-element-populated\">\n\t\t\t\t\t\t<div class=\"elementor-element elementor-element-2d924b0 elementor-widget elementor-widget-ucaddon_flip_box\" data-id=\"2d924b0\" data-element_type=\"widget\" data-e-type=\"widget\" data-widget_type=\"ucaddon_flip_box.default\">\n\t\t\t\t<div class=\"elementor-widget-container\">\n\t\t\t\t\t\n<!-- start Flip Box -->\n\n<style>\/* widget: Flip Box *\/\n\n#uc_flip_box_elementor_2d924b0 .ue-flip-box__panel.ue-flip-box__panel--front,\n#uc_flip_box_elementor_2d924b0 .ue-flip-box__panel.ue-flip-box__panel--back {\n    backface-visibility: hidden;\n    -webkit-backface-visibility: hidden; \n}\n\n\n#uc_flip_box_elementor_2d924b0 .ue-flip-box__panel--back .ue_btn{\n\tdisplay: inline-block;\n}\n \n\n\t        #uc_flip_box_elementor_2d924b0 .ue-flip-box__panel__wrapper { \n            transform: translateZ(90px) scale(0.91);\n            transform-style: preserve-3d;\n        }\t\n    \n\n\n\n\n\n#uc_flip_box_elementor_2d924b0 .ue-flip-box__panel--front-overlay\n{\n  position:absolute;\n  top:0;\n  bottom:0;\n  right:0;\n  left:0;\n  z-index:-1;\n}\n\n<\/style>\n\n<div id=\"uc_flip_box_elementor_2d924b0\" class=\"ue-flip-box\">\n  \n      <div class=\"ue-flip-box__container uc-hide flip-alt_left ue-flip-box__container--hover\">\n      \n    <div class=\"ue-flip-box__panel ue-flip-box__panel--front\">\n      <div class=\"ue-flip-box__panel--front-overlay\"><\/div>\n            <div class=\"ue-flip-box__panel__wrapper\">\n        <div class=\"ue-flip-box__panel__content\">\n            <div class=\"ue-flip-box__panel__element ue-flip-box__icon\"><i class='far fa-file-alt'><\/i><\/div>            <div class=\"ue-flip-box__panel__element ue-flip-box__title\">BUSINESS COACHING<\/div>                    <\/div>\n      <\/div>\n    <\/div>\n    \n    <div class=\"ue-flip-box__panel ue-flip-box__panel--back\">\n            <div class=\"ue-flip-box__panel__wrapper\">\n        <div class=\"ue-flip-box__panel__content\">\n\n          <div class=\"ue-flip-box__panel__element ue-flip-box__icon\"><i class='far fa-file-alt'><\/i><\/div>                    <div class=\"ue-flip-box__panel__element ue-flip-box__description\"><p>Do you have a problem in the company? Don't know how to solve it? We will help you find the right solution to each problem through specialized business coaching conducted according to the standards of the International Coaching Federation.<\/p><\/div>          <div class=\"ue-flip-box__panel__element ue-flip-box__button\"><a href=\"#\" class=\"ue_btn\" >Read more<\/a><\/div>        <\/div>\n      <\/div>\n    <\/div>\n    \n  <\/div>\n  \n        \n<\/div>\n<!-- end Flip Box -->\t\t\t\t<\/div>\n\t\t\t\t<\/div>\n\t\t\t\t\t<\/div>\n\t\t<\/div>\n\t\t\t\t<div class=\"elementor-column elementor-col-33 elementor-inner-column elementor-element elementor-element-c9824b5\" data-id=\"c9824b5\" data-element_type=\"column\" data-e-type=\"column\">\n\t\t\t<div class=\"elementor-widget-wrap elementor-element-populated\">\n\t\t\t\t\t\t<div class=\"elementor-element elementor-element-605d299 elementor-widget elementor-widget-ucaddon_flip_box\" data-id=\"605d299\" data-element_type=\"widget\" data-e-type=\"widget\" data-widget_type=\"ucaddon_flip_box.default\">\n\t\t\t\t<div class=\"elementor-widget-container\">\n\t\t\t\t\t\n<!-- start Flip Box -->\n\n<style>\/* widget: Flip Box *\/\n\n#uc_flip_box_elementor_605d299 .ue-flip-box__panel.ue-flip-box__panel--front,\n#uc_flip_box_elementor_605d299 .ue-flip-box__panel.ue-flip-box__panel--back {\n    backface-visibility: hidden;\n    -webkit-backface-visibility: hidden; \n}\n\n\n#uc_flip_box_elementor_605d299 .ue-flip-box__panel--back .ue_btn{\n\tdisplay: inline-block;\n}\n \n\n\t        #uc_flip_box_elementor_605d299 .ue-flip-box__panel__wrapper { \n            transform: translateZ(90px) scale(0.91);\n            transform-style: preserve-3d;\n        }\t\n    \n\n\n\n\n\n#uc_flip_box_elementor_605d299 .ue-flip-box__panel--front-overlay\n{\n  position:absolute;\n  top:0;\n  bottom:0;\n  right:0;\n  left:0;\n  z-index:-1;\n}\n\n<\/style>\n\n<div id=\"uc_flip_box_elementor_605d299\" class=\"ue-flip-box\">\n  \n      <div class=\"ue-flip-box__container uc-hide flip-alt_left ue-flip-box__container--hover\">\n      \n    <div class=\"ue-flip-box__panel ue-flip-box__panel--front\">\n      <div class=\"ue-flip-box__panel--front-overlay\"><\/div>\n            <div class=\"ue-flip-box__panel__wrapper\">\n        <div class=\"ue-flip-box__panel__content\">\n            <div class=\"ue-flip-box__panel__element ue-flip-box__icon\"><i class='fas fa-chalkboard-teacher'><\/i><\/div>            <div class=\"ue-flip-box__panel__element ue-flip-box__title\">SPECIALIZED TRAININGS<\/div>                    <\/div>\n      <\/div>\n    <\/div>\n    \n    <div class=\"ue-flip-box__panel ue-flip-box__panel--back\">\n            <div class=\"ue-flip-box__panel__wrapper\">\n        <div class=\"ue-flip-box__panel__content\">\n\n          <div class=\"ue-flip-box__panel__element ue-flip-box__icon\"><i class='fas fa-chalkboard-teacher'><\/i><\/div>                    <div class=\"ue-flip-box__panel__element ue-flip-box__description\"><p>Our offer includes specialized trainings in the field of European funds, cohesion policy, public procurement law, competition law, and industrial property protection law. They are run by experienced trainers - practitioners.<\/p><\/div>          <div class=\"ue-flip-box__panel__element ue-flip-box__button\"><a href=\"#\" class=\"ue_btn\" >Read more<\/a><\/div>        <\/div>\n      <\/div>\n    <\/div>\n    \n  <\/div>\n  \n        \n<\/div>\n<!-- end Flip Box -->\t\t\t\t<\/div>\n\t\t\t\t<\/div>\n\t\t\t\t\t<\/div>\n\t\t<\/div>\n\t\t\t\t<div class=\"elementor-column elementor-col-33 elementor-inner-column elementor-element elementor-element-2b482b5\" data-id=\"2b482b5\" data-element_type=\"column\" data-e-type=\"column\">\n\t\t\t<div class=\"elementor-widget-wrap elementor-element-populated\">\n\t\t\t\t\t\t<div class=\"elementor-element elementor-element-fe103b2 elementor-widget elementor-widget-ucaddon_flip_box\" data-id=\"fe103b2\" data-element_type=\"widget\" data-e-type=\"widget\" data-widget_type=\"ucaddon_flip_box.default\">\n\t\t\t\t<div class=\"elementor-widget-container\">\n\t\t\t\t\t\n<!-- start Flip Box -->\n\n<style>\/* widget: Flip Box *\/\n\n#uc_flip_box_elementor_fe103b2 .ue-flip-box__panel.ue-flip-box__panel--front,\n#uc_flip_box_elementor_fe103b2 .ue-flip-box__panel.ue-flip-box__panel--back {\n    backface-visibility: hidden;\n    -webkit-backface-visibility: hidden; \n}\n\n\n#uc_flip_box_elementor_fe103b2 .ue-flip-box__panel--back .ue_btn{\n\tdisplay: inline-block;\n}\n \n\n\t        #uc_flip_box_elementor_fe103b2 .ue-flip-box__panel__wrapper { \n            transform: translateZ(90px) scale(0.91);\n            transform-style: preserve-3d;\n        }\t\n    \n\n\n\n\n\n#uc_flip_box_elementor_fe103b2 .ue-flip-box__panel--front-overlay\n{\n  position:absolute;\n  top:0;\n  bottom:0;\n  right:0;\n  left:0;\n  z-index:-1;\n}\n\n<\/style>\n\n<div id=\"uc_flip_box_elementor_fe103b2\" class=\"ue-flip-box\">\n  \n      <div class=\"ue-flip-box__container uc-hide flip-alt_left ue-flip-box__container--hover\">\n      \n    <div class=\"ue-flip-box__panel ue-flip-box__panel--front\">\n      <div class=\"ue-flip-box__panel--front-overlay\"><\/div>\n            <div class=\"ue-flip-box__panel__wrapper\">\n        <div class=\"ue-flip-box__panel__content\">\n            <div class=\"ue-flip-box__panel__element ue-flip-box__icon\"><i class='far fa-lightbulb'><\/i><\/div>            <div class=\"ue-flip-box__panel__element ue-flip-box__title\">INNOVATION BROKERING<\/div>                    <\/div>\n      <\/div>\n    <\/div>\n    \n    <div class=\"ue-flip-box__panel ue-flip-box__panel--back\">\n            <div class=\"ue-flip-box__panel__wrapper\">\n        <div class=\"ue-flip-box__panel__content\">\n\n          <div class=\"ue-flip-box__panel__element ue-flip-box__icon\"><i class='far fa-lightbulb'><\/i><\/div>                    <div class=\"ue-flip-box__panel__element ue-flip-box__description\"><p>Do you have an idea for an innovative technical solution that may turn out to be a commercial success, do you have no funds for its implementation? Contact us and we will help you find an investor or buyer.<\/p><\/div>          <div class=\"ue-flip-box__panel__element ue-flip-box__button\"><a href=\"#\" class=\"ue_btn\" >Read more<\/a><\/div>        <\/div>\n      <\/div>\n    <\/div>\n    \n  <\/div>\n  \n        \n<\/div>\n<!-- end Flip Box -->\t\t\t\t<\/div>\n\t\t\t\t<\/div>\n\t\t\t\t\t<\/div>\n\t\t<\/div>\n\t\t\t\t\t<\/div>\n\t\t<\/section>\n\t\t\t\t<div class=\"elementor-element elementor-element-3519e44 elementor-widget elementor-widget-spacer\" data-id=\"3519e44\" data-element_type=\"widget\" data-e-type=\"widget\" data-widget_type=\"spacer.default\">\n\t\t\t\t<div class=\"elementor-widget-container\">\n\t\t\t\t\t\t\t<div class=\"elementor-spacer\">\n\t\t\t<div class=\"elementor-spacer-inner\"><\/div>\n\t\t<\/div>\n\t\t\t\t\t\t<\/div>\n\t\t\t\t<\/div>\n\t\t\t\t\t<\/div>\n\t\t<\/div>\n\t\t\t\t\t<\/div>\n\t\t<\/section>\n\t\t\t\t<\/div>","protected":false},"excerpt":{"rendered":"<p>POZNAJ BOGAT\u0104 OFERT\u0118 NASZYCH US\u0141UG POZYSKIWANIE DOTACJI Us\u0142uga obejmuje opracowanie wniosku o dofinansowanie projektu, przygotowanie niezb\u0119dnych, w tym biznes plan\u00f3w, studi\u00f3w wykonalno\u015bci itp., wymaganej dokumentacji do upublicznienia zam\u00f3wie\u0144 Czytaj wi\u0119cej ROZLICZANIE DOTACJI I ZARZ\u0104DZANIE PROJEKTEM Zakres us\u0142ugi dopasowany do potrzeb klient\u00f3w, obejmowa\u0107 mo\u017ce prowadzenie wszystkich spraw formalno\u00adorganizacyjnych w projekcie, rozliczenia finansowe czy te\u017c doradztwo prawne&#8230;.<\/p>","protected":false},"author":1,"featured_media":0,"parent":0,"menu_order":0,"comment_status":"closed","ping_status":"closed","template":"","meta":{"_kad_post_transparent":"","_kad_post_title":"hide","_kad_post_layout":"fullwidth","_kad_post_sidebar_id":"","_kad_post_content_style":"unboxed","_kad_post_vertical_padding":"hide","_kad_post_feature":"hide","_kad_post_feature_position":"","_kad_post_header":false,"_kad_post_footer":false,"_kad_post_classname":"","footnotes":""},"class_list":["post-873","page","type-page","status-publish","hentry"],"_links":{"self":[{"href":"https:\/\/grantino.pl\/en\/wp-json\/wp\/v2\/pages\/873","targetHints":{"allow":["GET"]}}],"collection":[{"href":"https:\/\/grantino.pl\/en\/wp-json\/wp\/v2\/pages"}],"about":[{"href":"https:\/\/grantino.pl\/en\/wp-json\/wp\/v2\/types\/page"}],"author":[{"embeddable":true,"href":"https:\/\/grantino.pl\/en\/wp-json\/wp\/v2\/users\/1"}],"replies":[{"embeddable":true,"href":"https:\/\/grantino.pl\/en\/wp-json\/wp\/v2\/comments?post=873"}],"version-history":[{"count":451,"href":"https:\/\/grantino.pl\/en\/wp-json\/wp\/v2\/pages\/873\/revisions"}],"predecessor-version":[{"id":2053,"href":"https:\/\/grantino.pl\/en\/wp-json\/wp\/v2\/pages\/873\/revisions\/2053"}],"wp:attachment":[{"href":"https:\/\/grantino.pl\/en\/wp-json\/wp\/v2\/media?parent=873"}],"curies":[{"name":"wp","href":"https:\/\/api.w.org\/{rel}","templated":true}]}}